{"id":10,"date":"2020-12-30T21:35:27","date_gmt":"2020-12-30T20:35:27","guid":{"rendered":"http:\/\/torten-und-schnittchen.de\/de\/?page_id=10"},"modified":"2024-02-22T21:00:43","modified_gmt":"2024-02-22T20:00:43","slug":"kontakt","status":"publish","type":"page","link":"http:\/\/torten-und-schnittchen.de\/de\/kontakt\/","title":{"rendered":"kontakt"},"content":{"rendered":"\n<p>C. K\u00e4stner<br>Tel.: 030 8451 8414<br>E-Mail: kontakt@torten-und-schnittchen.de<\/p>\n\n\n\n<p>torten &amp; schnittchen<br>Christian K\u00e4stner<br>Langhansstra\u00dfe 101<br>13086 Berlin<\/p>\n\n\n\n<p><a href=\"\/landing\/Datenschutzerklaerung.pdf\" data-type=\"URL\" data-id=\"\/landing\/Datenschutzerklaerung.pdf\">Datenschutzerkl\u00e4rung<\/a><\/p>\n\n\n\n<p>Kontaktformular<\/p>\n\n\n\n<div class=\"forminator-guttenberg\"><form id=\"forminator-module-112\" class=\"forminator-custom-form forminator-custom-form-112\" method=\"post\" data-forminator-render=\"0\" data-uid=\"69f278ceee61f\"><div role=\"alert\" aria-live=\"polite\" class=\"forminator-response-message forminator-error\" aria-hidden=\"true\"><\/div><\/form><\/div>\n","protected":false},"excerpt":{"rendered":"<p>C. K\u00e4stnerTel.: 030 8451 8414E-Mail: kontakt@torten-und-schnittchen.de torten &amp; schnittchenChristian K\u00e4stnerLanghansstra\u00dfe 10113086 Berlin Datenschutzerkl\u00e4rung Kontaktformular<\/p>\n","protected":false},"author":1,"featured_media":5,"parent":0,"menu_order":0,"comment_status":"closed","ping_status":"closed","template":"","meta":{"footnotes":""},"class_list":["post-10","page","type-page","status-publish","has-post-thumbnail","hentry"],"_links":{"self":[{"href":"http:\/\/torten-und-schnittchen.de\/de\/wp-json\/wp\/v2\/pages\/10","targetHints":{"allow":["GET"]}}],"collection":[{"href":"http:\/\/torten-und-schnittchen.de\/de\/wp-json\/wp\/v2\/pages"}],"about":[{"href":"http:\/\/torten-und-schnittchen.de\/de\/wp-json\/wp\/v2\/types\/page"}],"author":[{"embeddable":true,"href":"http:\/\/torten-und-schnittchen.de\/de\/wp-json\/wp\/v2\/users\/1"}],"replies":[{"embeddable":true,"href":"http:\/\/torten-und-schnittchen.de\/de\/wp-json\/wp\/v2\/comments?post=10"}],"version-history":[{"count":10,"href":"http:\/\/torten-und-schnittchen.de\/de\/wp-json\/wp\/v2\/pages\/10\/revisions"}],"predecessor-version":[{"id":239,"href":"http:\/\/torten-und-schnittchen.de\/de\/wp-json\/wp\/v2\/pages\/10\/revisions\/239"}],"wp:featuredmedia":[{"embeddable":true,"href":"http:\/\/torten-und-schnittchen.de\/de\/wp-json\/wp\/v2\/media\/5"}],"wp:attachment":[{"href":"http:\/\/torten-und-schnittchen.de\/de\/wp-json\/wp\/v2\/media?parent=10"}],"curies":[{"name":"wp","href":"https:\/\/api.w.org\/{rel}","templated":true}]}}