{"id":8,"date":"2020-12-30T21:35:27","date_gmt":"2020-12-30T20:35:27","guid":{"rendered":"http:\/\/torten-und-schnittchen.de\/de\/?page_id=8"},"modified":"2025-12-29T04:21:07","modified_gmt":"2025-12-29T03:21:07","slug":"startseite","status":"publish","type":"page","link":"https:\/\/torten-und-schnittchen.de\/de\/","title":{"rendered":"hallo"},"content":{"rendered":"\n<p><p>\ud83d\udc96 sch\u00f6n, dass Du da bist. Wir haben mal wieder viele neue s\u00fc\u00dfe und herzhafte Leckereien kreiert. Schau bei uns vorbei, nimm&#8217;s Dir mit, genie\u00df es vor Ort oder bestell Dir alles was Dein Herz begehrt, nach Hause, ins B\u00fcro oder zu Deiner Feier.<\/p><\/p>\n\n\n\n<figure class=\"wp-block-embed is-type-rich is-provider-handler-einbetten wp-block-embed-handler-einbetten\"><div class=\"wp-block-embed__wrapper\">\n<div style=\"width: 525px;\" class=\"wp-video\"><video class=\"wp-video-shortcode\" id=\"video-8-1\" width=\"525\" height=\"295\" preload=\"metadata\" controls=\"controls\"><source type=\"video\/mp4\" src=\"https:\/\/torten-und-schnittchen.de\/imagevid_christian_1.mp4?_=1\" \/><a href=\"https:\/\/torten-und-schnittchen.de\/imagevid_christian_1.mp4\">https:\/\/torten-und-schnittchen.de\/imagevid_christian_1.mp4<\/a><\/video><\/div>\n<\/div><\/figure>\n\n\n\n<figure class=\"wp-block-embed is-type-rich is-provider-handler-einbetten wp-block-embed-handler-einbetten\"><div class=\"wp-block-embed__wrapper\">\n<div style=\"width: 525px;\" class=\"wp-video\"><video class=\"wp-video-shortcode\" id=\"video-8-2\" width=\"525\" height=\"295\" preload=\"metadata\" controls=\"controls\"><source type=\"video\/mp4\" src=\"https:\/\/torten-und-schnittchen.de\/Zimtschnecke_reel_v2.mp4?_=2\" \/><a href=\"https:\/\/torten-und-schnittchen.de\/Zimtschnecke_reel_v2.mp4\">https:\/\/torten-und-schnittchen.de\/Zimtschnecke_reel_v2.mp4<\/a><\/video><\/div>\n<\/div><\/figure>\n\n\n\n<p><\/p>\n","protected":false},"excerpt":{"rendered":"<p>\ud83d\udc96 sch\u00f6n, dass Du da bist. Wir haben mal wieder viele neue s\u00fc\u00dfe und herzhafte Leckereien kreiert. Schau bei uns vorbei, nimm&#8217;s Dir mit, genie\u00df es vor Ort oder bestell Dir alles was Dein Herz begehrt, nach Hause, ins B\u00fcro oder zu Deiner Feier.<\/p>\n","protected":false},"author":1,"featured_media":0,"parent":0,"menu_order":0,"comment_status":"open","ping_status":"closed","template":"","meta":{"footnotes":""},"class_list":["post-8","page","type-page","status-publish","hentry"],"_links":{"self":[{"href":"https:\/\/torten-und-schnittchen.de\/de\/wp-json\/wp\/v2\/pages\/8","targetHints":{"allow":["GET"]}}],"collection":[{"href":"https:\/\/torten-und-schnittchen.de\/de\/wp-json\/wp\/v2\/pages"}],"about":[{"href":"https:\/\/torten-und-schnittchen.de\/de\/wp-json\/wp\/v2\/types\/page"}],"author":[{"embeddable":true,"href":"https:\/\/torten-und-schnittchen.de\/de\/wp-json\/wp\/v2\/users\/1"}],"replies":[{"embeddable":true,"href":"https:\/\/torten-und-schnittchen.de\/de\/wp-json\/wp\/v2\/comments?post=8"}],"version-history":[{"count":23,"href":"https:\/\/torten-und-schnittchen.de\/de\/wp-json\/wp\/v2\/pages\/8\/revisions"}],"predecessor-version":[{"id":356,"href":"https:\/\/torten-und-schnittchen.de\/de\/wp-json\/wp\/v2\/pages\/8\/revisions\/356"}],"wp:attachment":[{"href":"https:\/\/torten-und-schnittchen.de\/de\/wp-json\/wp\/v2\/media?parent=8"}],"curies":[{"name":"wp","href":"https:\/\/api.w.org\/{rel}","templated":true}]}}